{"id":2619,"date":"2022-09-01T13:50:37","date_gmt":"2022-09-01T06:50:37","guid":{"rendered":"https:\/\/bodaq.vn\/san-pham\/ns708\/"},"modified":"2022-11-23T16:06:15","modified_gmt":"2022-11-23T09:06:15","slug":"film-dan-thi-cong-noi-that-hyundai-bodaq-gia-van-da-ns708","status":"publish","type":"product","link":"https:\/\/bodaq.vn\/ko\/san-pham\/film-dan-thi-cong-noi-that-hyundai-bodaq-gia-van-da-ns708\/","title":{"rendered":"NS708"},"content":{"rendered":"<h1 style=\"text-align: center;\"><strong>FILM D\u00c1N N\u1ed8I TH\u1ea4T (INTERIOR FILM)<\/strong><\/h1>\n<p style=\"text-align: center;\">M\u1eabu Thi C\u00f4ng: Stone &amp; Marble.<\/p>\n<p style=\"text-align: center;\">K\u00edch Th\u01b0\u1edbc: 0.42mm(T) x 1,220mm(W) x 50,000mm(L).<\/p>\n<p style=\"text-align: center;\">Quy C\u00e1ch \u0110\u00f3ng Th\u00f9ng: 1Roll\/BOX (200mm x 200mm x 1,300mm).<\/p>\n<h2 style=\"text-align: center;\"><b>Film D\u00e1n N\u1ed9i Th\u1ea5t l\u00e0 g\u00ec?<\/b><\/h2>\n<p style=\"text-align: center;\"><span style=\"font-weight: 400;\"><a href=\"https:\/\/www.facebook.com\/hyundaibodaqvietnam\/\">Film d\u00e1n n\u1ed9i th\u1ea5t (Interior Film)<\/a> l\u00e0 lo\u1ea1i m\u00e0ng film k\u1ebft h\u1ee3p gi\u1eefa l\u1edbp nh\u1ef1a PVC v\u00e0 l\u1edbp nh\u1ef1a PP, g\u1ea7n gi\u1ed1ng nh\u01b0 Decal d\u00e1n nh\u01b0ng c\u00f3 ch\u1ea5t l\u01b0\u1ee3ng, b\u1ed9 b\u1ec1n v\u00e0 \u0111\u1ed9 d\u1ebbo dai t\u1ed1t h\u01a1n Decal r\u1ea5t nhi\u1ec1u. Chuy\u00ean d\u00f9ng \u0111\u1ec3 d\u00e1n l\u00ean c\u00e1c b\u1ec1 m\u1eb7t v\u1eadt d\u1ee5ng n\u1ed9i th\u1ea5t, c\u00e1c c\u00f4ng tr\u00ecnh ki\u1ebfn tr\u00fac nh\u01b0 t\u01b0\u1eddng , thang m\u00e1y, c\u1eeda, b\u00e0n gh\u1ebf, nh\u1eefng b\u1ec1 m\u1eb7t cong,\u2026<\/span><\/p>\n<figure id=\"attachment_4979\" aria-describedby=\"caption-attachment-4979\" style=\"width: 312px\" class=\"wp-caption aligncenter\"><img loading=\"lazy\" decoding=\"async\" class=\"size-medium wp-image-4979\" src=\"https:\/\/bodaq.vn\/wp-content\/uploads\/2022\/09\/z3904119085511_873338f4b31f4e314578a6c35aee9580-312x400.jpg\" alt=\"Film d\u00e1n n\u1ed9i th\u1ea5t Hyundai Bodaq.\" width=\"312\" height=\"400\" \/><figcaption id=\"caption-attachment-4979\" class=\"wp-caption-text\">Film d\u00e1n n\u1ed9i th\u1ea5t Hyundai Bodaq.<\/figcaption><\/figure>\n<p style=\"text-align: center;\"><span style=\"font-weight: 400;\">L\u00e0 m\u1ed9t xu h\u01b0\u1edbng m\u1edbi trong thi c\u00f4ng n\u1ed9i th\u1ea5t trong th\u1eddi gian v\u00e0i n\u0103m g\u1ea7n \u0111\u00e2y t\u1ea1i Vi\u1ec7t Nam, nh\u01b0ng \u1edf H\u00e0n Qu\u1ed1c, Th\u00e1i Lan,\u2026 Film D\u00e1n N\u1ed9i Th\u1ea5t \u0111\u01b0\u1ee3c s\u1eed d\u1ee5ng r\u1ea5t r\u1ed9ng r\u00e3i v\u00e0 l\u00e0 gi\u1ea3i ph\u00e1p ch\u00ednh cho thi c\u00f4ng n\u1ed9i th\u1ea5t t\u1eeb nh\u00e0 \u1edf, tr\u01b0\u1eddng h\u1ecdc, c\u00f4ng ty,\u2026.<\/span><\/p>\n<h2 style=\"text-align: center;\"><b>\u01afu \u0111i\u1ec3m c\u1ee7a Film D\u00e1n N\u1ed9i Th\u1ea5t:<\/b><\/h2>\n<h3 style=\"text-align: center;\"><b>C\u00f3 t\u00ednh th\u1ea9m m\u1ef9 cao, m\u1eabu m\u00e3 \u0111a d\u1ea1ng.<\/b><\/h3>\n<p style=\"text-align: center;\"><span style=\"font-weight: 400;\">Film d\u00e1n v\u1edbi h\u00e0ng tr\u0103m m\u1eabu m\u00e3 \u0111a d\u1ea1ng t\u1eeb film d\u00e1n tr\u01a1n \u0111\u01a1n s\u1eafc v\u1edbi b\u1ea3ng m\u00e0u \u0111a d\u1ea1ng hay v\u00e2n g\u1ed7, g\u1ed7 s\u01a1n, gi\u1ea3 v\u00e2n \u0111\u00e1, gi\u1ea3 kim lo\u1ea1i \u0111\u1ebfn film d\u00e1n v\u1ea3i, film d\u00e1n gi\u1ea3 da. Ngo\u00e0i ra c\u00e1c m\u1eabu m\u00e3 film d\u00e1n c\u1ee7a BODAQ c\u00f3 b\u1ec1 m\u1eb7t 3D y nh\u01b0 th\u1eadt n\u00ean t\u1ed5ng th\u1ec3 sau khi thi c\u00f4ng th\u00e0nh ph\u1ea9m c\u1ef1c k\u1ef3 chi ti\u1ebft, nh\u00ecn nh\u01b0 th\u1eadt.<\/span><\/p>\n<figure id=\"attachment_4975\" aria-describedby=\"caption-attachment-4975\" style=\"width: 553px\" class=\"wp-caption aligncenter\"><img loading=\"lazy\" decoding=\"async\" class=\"size-medium wp-image-4975\" src=\"https:\/\/bodaq.vn\/wp-content\/uploads\/2022\/09\/z3904119083202_b895889ef7d83202babf45acff0bed24-553x400.jpg\" alt=\"Film d\u00e1n n\u1ed9i th\u1ea5t Hyundai Bodaq.\" width=\"553\" height=\"400\" \/><figcaption id=\"caption-attachment-4975\" class=\"wp-caption-text\">Film d\u00e1n n\u1ed9i th\u1ea5t Hyundai Bodaq.<\/figcaption><\/figure>\n<h3 style=\"text-align: center;\"><b>D\u1ec5 d\u00e0ng thi c\u00f4ng \u1edf t\u1ea5t c\u1ea3 c\u00e1c b\u1ec1 m\u1eb7t.<\/b><\/h3>\n<p style=\"text-align: center;\"><span style=\"font-weight: 400;\">V\u1edbi \u0111\u1ed9 d\u00e0y ch\u1ec9 0.4mm v\u00e0 \u0111\u1ed9 m\u1ec1m d\u1ebbo cao, phim d\u00e1n n\u1ed9i th\u1ea5t r\u1ea5t d\u1ec5 thi c\u00f4ng. Ph\u1ee7 b\u1ec1 m\u1eb7t t\u1eeb ph\u1eb3ng cho \u0111\u1ebfn kh\u00fac khu\u1ef7u, h\u00ecnh kh\u1ed1i ph\u1ee9c t\u1ea1p cho \u0111\u1ebfn \u0111\u01b0\u1eddng cong m\u00e0 kh\u00f4ng lo l\u1ed9 m\u00e9p. V\u1edbi \u0111\u1ed9 b\u1ec1n v\u00e0 d\u1ebbo, film d\u00e1n n\u1ed9i th\u1ea5t c\u00f3 th\u1ec3 k\u00e9o gi\u00e3n \u0111\u01b0\u1ee3c m\u00e0 kh\u00f4ng lo \u0111\u1ee9t, r\u00e1ch.\u00a0<\/span><\/p>\n<figure id=\"attachment_4971\" aria-describedby=\"caption-attachment-4971\" style=\"width: 300px\" class=\"wp-caption aligncenter\"><img loading=\"lazy\" decoding=\"async\" class=\"size-medium wp-image-4971\" src=\"https:\/\/bodaq.vn\/wp-content\/uploads\/2022\/09\/z3904119067371_9c4a134a8c4ef7af195a2a342a4891e6-300x400.jpg\" alt=\"Film d\u00e1n n\u1ed9i th\u1ea5t Hyundai Bodaq.\" width=\"300\" height=\"400\" \/><figcaption id=\"caption-attachment-4971\" class=\"wp-caption-text\">Film d\u00e1n n\u1ed9i th\u1ea5t Hyundai Bodaq.<\/figcaption><\/figure>\n<h3 style=\"text-align: center;\"><b>D\u1ec5 d\u00e0ng lau ch\u00f9i, v\u1ec7 sinh.<\/b><\/h3>\n<p style=\"text-align: center;\"><span style=\"font-weight: 400;\">Film d\u00e1n mang kh\u1ea3 n\u0103ng kh\u00f4ng th\u1ea5m n\u01b0\u1edbc, ch\u1ed1ng \u1ea9m m\u1ed1c, ch\u1ecbu nhi\u1ec7t, kh\u00f4ng d\u1ec5 b\u00e1m b\u1ea9n v\u00e0 d\u1ec5 d\u00e0ng lau ch\u00f9i, v\u1ec7 sinh nhanh ch\u00f3ng. K\u1ec3 c\u1ea3 l\u00e0 v\u1ebft b\u1ea9n d\u1ea7u, m\u1ee1,\u2026 n\u00ean s\u1eed d\u1ee5ng film d\u00e1n cho c\u0103n b\u1ebfp c\u0169ng kh\u00f4ng lo b\u1ea9n, kh\u00f3 v\u1ec7 sinh.\u00a0<\/span><\/p>\n<figure id=\"attachment_4967\" aria-describedby=\"caption-attachment-4967\" style=\"width: 600px\" class=\"wp-caption aligncenter\"><img loading=\"lazy\" decoding=\"async\" class=\"size-medium wp-image-4967\" src=\"https:\/\/bodaq.vn\/wp-content\/uploads\/2022\/09\/z3904119060818_aa9d7436809bf75b17aa833be71b6815-600x400.jpg\" alt=\"Film d\u00e1n n\u1ed9i th\u1ea5t Hyundai Bodaq.\" width=\"600\" height=\"400\" \/><figcaption id=\"caption-attachment-4967\" class=\"wp-caption-text\">Film d\u00e1n n\u1ed9i th\u1ea5t Hyundai Bodaq.<\/figcaption><\/figure>\n<h3 style=\"text-align: center;\"><b><a href=\"https:\/\/www.facebook.com\/BodaqHcm\">Film D\u00e1n Thi C\u00f4ng N\u1ed9i Th\u1ea5t<\/a> b\u1ec1n \u0111\u1eb9p, tu\u1ed5i th\u1ecd cao, ch\u1ed1ng va \u0111\u1eadp tr\u1ea7y x\u01b0\u1edbc t\u1ed1i \u0111a.<\/b><\/h3>\n<p style=\"text-align: center;\"><span style=\"font-weight: 400;\">So v\u1edbi Decal, Gi\u1ea5y D\u00e1n T\u01b0\u1eddng th\u00f4ng th\u01b0\u1eddng th\u00ec Film d\u00e1n n\u1ed9i th\u1ea5t c\u00f3 \u0111\u1ed9 b\u1ec1n v\u01b0\u1ee3t tr\u1ed9i. C\u00f3 th\u1ec3 l\u00ean t\u1edbi 10-15 n\u0103m nh\u1edd c\u00f4ng ngh\u1ec7 x\u1eed l\u00fd b\u1ec1 m\u1eb7t \u0111\u1eb7c bi\u1ec7t, gi\u00fap tr\u1ed1ng r\u00e1ch v\u00e0 tr\u1ea7y x\u01b0\u1edbc t\u1ed1i \u0111a. Ngo\u00e0i ra film d\u00e1n c\u00f2n c\u00f3 kh\u1ea3 n\u0103ng ch\u1ed1ng ch\u00e1y lan \u0111\u1ec9nh cao, b\u1ea3o v\u1ec7 an to\u00e0n cho c\u0103n nh\u00e0 v\u00e0 n\u1ed9i th\u1ea5t c\u1ee7a b\u1ea1n.\u00a0<\/span><\/p>\n<figure id=\"attachment_4969\" aria-describedby=\"caption-attachment-4969\" style=\"width: 600px\" class=\"wp-caption aligncenter\"><img loading=\"lazy\" decoding=\"async\" class=\"size-medium wp-image-4969\" src=\"https:\/\/bodaq.vn\/wp-content\/uploads\/2022\/09\/z3904119065718_4b37003ed28eb45eac359a8951d4255f-600x400.jpg\" alt=\"Film d\u00e1n n\u1ed9i th\u1ea5t Hyundai Bodaq.\" width=\"600\" height=\"400\" \/><figcaption id=\"caption-attachment-4969\" class=\"wp-caption-text\">Film d\u00e1n n\u1ed9i th\u1ea5t Hyundai Bodaq.<\/figcaption><\/figure>\n<h3 style=\"text-align: center;\"><b>An to\u00e0n cho s\u1ee9c kho\u1ebb v\u00e0 th\u00e2n thi\u1ec7n v\u1edbi m\u00f4i tr\u01b0\u1eddng.<\/b><\/h3>\n<p style=\"text-align: center;\"><span style=\"font-weight: 400;\">Film d\u00e1n kh\u00f4ng ch\u1ee9a c\u00e1c ch\u1ea5t \u0111\u1ed9c h\u1ea1i cho con ng\u01b0\u1eddi v\u00e0 h\u1ec7 sinh th\u00e1i. 100% nh\u1ef1a d\u1ebbo kh\u00f4ng c\u00f3 Formaldehyde, kh\u00f4ng c\u00f3 Phthalate hay kim lo\u1ea1i n\u1eb7ng. Gi\u00fap gi\u1ea3m thi\u1ec3u VOCS ( h\u1ed7n h\u1ee3p c\u00e1c ch\u1ea5t h\u1eefu c\u01a1 \u0111\u1ed9c h\u1ea1i d\u1ec5 bay h\u01a1i). Film d\u00e1n kh\u00f4ng c\u00f3 m\u00f9i kh\u00f3 ch\u1ecbu, kh\u00f4ng c\u1ea7n ph\u1ea3i \u0111\u1ee3i thi c\u00f4ng l\u00e2u, \u0111\u1ee3i bay m\u00f9i, c\u00f3 th\u1ec3 s\u1eed d\u1ee5ng, \u1edf \u0111\u01b0\u1ee3c lu\u00f4n trong kh\u00f4ng gian thi c\u00f4ng s\u1eed d\u1ee5ng film.<\/span><\/p>\n<figure id=\"attachment_4981\" aria-describedby=\"caption-attachment-4981\" style=\"width: 600px\" class=\"wp-caption aligncenter\"><img loading=\"lazy\" decoding=\"async\" class=\"size-medium wp-image-4981\" src=\"https:\/\/bodaq.vn\/wp-content\/uploads\/2022\/09\/z3904119092043_9244c90a9f327b4f09164e51e300963e-600x400.jpg\" alt=\"Film d\u00e1n n\u1ed9i th\u1ea5t Hyundai Bodaq.\" width=\"600\" height=\"400\" \/><figcaption id=\"caption-attachment-4981\" class=\"wp-caption-text\">Film d\u00e1n n\u1ed9i th\u1ea5t Hyundai Bodaq.<\/figcaption><\/figure>\n<h2 style=\"text-align: center;\"><b>BODAQ Film thi c\u00f4ng c\u00f3 g\u00ec kh\u00e1c bi\u1ec7t?<\/b><\/h2>\n<p style=\"text-align: center;\"><span style=\"font-weight: 400;\">Bodaq l\u00e0 th\u01b0\u01a1ng hi\u1ec7u c\u1ee7a t\u1eadp \u0111o\u00e0n Hyundai L&amp;C. Ra m\u1eaft t\u1eeb n\u0103m 1989 v\u00e0 tr\u1edf th\u00e0nh th\u01b0\u01a1ng hi\u1ec7u \u0111\u1ee9ng \u0111\u1ea7u trong ng\u00e0nh film n\u1ed9i th\u1ea5t H\u00e0n Qu\u1ed1c.<\/span><\/p>\n<p style=\"text-align: center;\"><span style=\"font-weight: 400;\">C\u00f4ng ty TNHH BODAQ VIETNAM \u0111\u01b0\u1ee3c th\u00e0nh l\u1eadp t\u1eeb n\u0103m 2017 v\u00e0 l\u00e0 nh\u00e0 ph\u00e2n ph\u1ed1i \u0111\u1ed9c quy\u1ec1n c\u00e1c s\u1ea3n ph\u1ea9m film d\u00e1n n\u1ed9i th\u1ea5t c\u1ee7a Hyundai Bodaq H\u00e0n Qu\u1ed1c. V\u1edbi kinh nghi\u1ec7m 5 n\u0103m cung c\u1ea5p c\u00e1c gi\u1ea3i ph\u00e1p gi\u00fap ho\u00e0n thi\u1ec7n b\u1ec1 m\u1eb7t \u1edf h\u00e0ng ng\u00e0n c\u00f4ng tr\u00ecnh ki\u1ebfn tr\u00fac kh\u00e1c nhau, BODAQ t\u1ef1 h\u00e0o l\u00e0 \u0111\u01a1n v\u1ecb cung c\u1ea5p Film D\u00e1n <a href=\"https:\/\/bodaq.vn\/category\/du-an\/\">ch\u1ea5t l\u01b0\u1ee3ng h\u00e0ng \u0111\u1ea7u Vi\u1ec7t Nam.<\/a> C\u00f9ng \u0111\u1ed9i thi c\u00f4ng gi\u00e0u k\u1ef9 n\u0103ng cam k\u1ebft \u0111em \u0111\u1ebfn cho kh\u00f4ng gian n\u1ed9i th\u1ea5t c\u1ee7a kh\u00e1ch h\u00e0ng s\u1ef1 m\u1edbi m\u1ebb, b\u1ec1n b\u1ec9 v\u00e0 sang tr\u1ecdng nh\u1ea5t c\u00f3 th\u1ec3.\u00a0<\/span><\/p>\n<h3 style=\"text-align: center;\"><b>HUYNDAI BODAQ VI\u1ec6T NAM &#8211; FILM D\u00c1N N\u1ed8I TH\u1ea4T H\u00c0NG \u0110\u1ea6U VI\u1ec6T NAM<\/b><\/h3>\n<p style=\"text-align: center;\"><span style=\"font-weight: 400;\">\ud83d\udccd \ud835\udc6a\ud835\udc89\ud835\udc8a \ud835\udc8f\ud835\udc89\ud835\udc82\u0301\ud835\udc8f\ud835\udc89 \ud835\udc6f\ud835\udc82\u0300 \ud835\udc75\ud835\udc90\u0323\u0302\ud835\udc8a:<\/span><\/p>\n<p style=\"text-align: center;\"><span style=\"font-weight: 400;\">&#8211; T\u1ea7ng 2, 77 Khu\u1ea5t Duy Ti\u1ebfn, Nh\u00e2n Ch\u00ednh, Thanh Xu\u00e2n, H\u00e0 N\u1ed9i.<\/span><\/p>\n<p style=\"text-align: center;\"><span style=\"font-weight: 400;\">Tel: 083 456 0842 (VN) &#8211; 0903 668 026 (Korean)<\/span><\/p>\n<p style=\"text-align: center;\"><span style=\"font-weight: 400;\">Hotline\/Zalo: 0903 668 026<\/span><\/p>\n<p style=\"text-align: center;\"><span style=\"font-weight: 400;\">\u00a0\ud83d\udccd \ud835\udc7d\ud835\udc82\u0306\ud835\udc8f \ud835\udc77\ud835\udc89\ud835\udc90\u0300\ud835\udc8f\ud835\udc88 \ud835\udc6f\ud835\udc90\u0302\u0300 \ud835\udc6a\ud835\udc89\ud835\udc8a\u0301 \ud835\udc74\ud835\udc8a\ud835\udc8f\ud835\udc89:<\/span><\/p>\n<p style=\"text-align: center;\"><span style=\"font-weight: 400;\">&#8211; 34 \u0110\u01b0\u1eddng s\u1ed1 7, Ph\u01b0\u1eddng An Ph\u00fa, Th\u00e0nh ph\u1ed1 Th\u1ee7 \u0110\u1ee9c, H\u1ed3 Ch\u00ed Minh.<\/span><\/p>\n<p style=\"text-align: center;\"><span style=\"font-weight: 400;\">Tel: 0919 634 026 (VN) &#8211; 0908 828 926 (Korean)<\/span><\/p>\n<p style=\"text-align: center;\"><span style=\"font-weight: 400;\">E-mail: bodaqvietnam1@gmail.com<\/span><\/p>\n<p style=\"text-align: center;\"><span style=\"font-weight: 400;\">Hotline\/ Zalo: 0919 634 026<\/span><\/p>\n<p style=\"text-align: center;\">\n","protected":false},"excerpt":{"rendered":"<p>FILM D\u00c1N N\u1ed8I TH\u1ea4T (INTERIOR FILM) M\u1eabu Thi C\u00f4ng: Stone &amp; Marble. K\u00edch Th\u01b0\u1edbc: 0.42mm(T) x 1,220mm(W) x 50,000mm(L). Quy C\u00e1ch \u0110\u00f3ng Th\u00f9ng: 1Roll\/BOX (200mm x 200mm x 1,300mm). Film D\u00e1n N\u1ed9i Th\u1ea5t l\u00e0 g\u00ec? Film d\u00e1n n\u1ed9i th\u1ea5t (Interior Film) l\u00e0 lo\u1ea1i m\u00e0ng film k\u1ebft h\u1ee3p gi\u1eefa l\u1edbp nh\u1ef1a PVC v\u00e0 l\u1edbp nh\u1ef1a PP,&#8230;<\/p>\n","protected":false},"featured_media":2618,"comment_status":"open","ping_status":"closed","template":"","meta":[],"product_brand":[],"product_cat":[115],"product_tag":[301,302,303,304,126,305,306,307,308,138,309,310],"class_list":{"0":"post-2619","1":"product","2":"type-product","3":"status-publish","4":"has-post-thumbnail","6":"product_cat-115","7":"product_tag-cai-tao-khong-gian-ko","8":"product_tag-cai-tao-nha-cua-ko","9":"product_tag-cai-tao-noi-that-ko","10":"product_tag-film-dan-ko","11":"product_tag-film-dan-noi-that-ko","12":"product_tag-noi-that-ko","13":"product_tag-phong-bep-ko","14":"product_tag-phong-khach-ko","15":"product_tag-phong-ngu-ko","16":"product_tag-stone-marble-ko","17":"product_tag-thi-cong-ko","18":"product_tag-thiet-ke-nha-ko","20":"first","21":"instock","22":"shipping-taxable","23":"product-type-simple"},"yoast_head":"<!-- This site is optimized with the Yoast SEO plugin v26.8 - https:\/\/yoast.com\/product\/yoast-seo-wordpress\/ -->\n<title>NS708 - BODAQ VIETNAM Co.,Ltd<\/title>\n<meta name=\"description\" content=\"Stone &amp; Marble0.42mm(T) x 1,220mm(W) x 50,000mm(L)1Roll\/BOX (200mm x 200mm x 1,300mm\" \/>\n<meta name=\"robots\" content=\"index, follow, max-snippet:-1, max-image-preview:large, max-video-preview:-1\" \/>\n<link rel=\"canonical\" href=\"https:\/\/bodaq.vn\/ko\/san-pham\/film-dan-thi-cong-noi-that-hyundai-bodaq-gia-van-da-ns708\/\" \/>\n<meta property=\"og:locale\" content=\"ko_KR\" \/>\n<meta property=\"og:type\" content=\"article\" \/>\n<meta property=\"og:title\" content=\"NS708 - BODAQ VIETNAM Co.,Ltd\" \/>\n<meta property=\"og:description\" content=\"Stone &amp; Marble0.42mm(T) x 1,220mm(W) x 50,000mm(L)1Roll\/BOX (200mm x 200mm x 1,300mm\" \/>\n<meta property=\"og:url\" content=\"https:\/\/bodaq.vn\/ko\/san-pham\/film-dan-thi-cong-noi-that-hyundai-bodaq-gia-van-da-ns708\/\" \/>\n<meta property=\"og:site_name\" content=\"BODAQ VIETNAM Co.,Ltd\" \/>\n<meta property=\"article:modified_time\" content=\"2022-11-23T09:06:15+00:00\" \/>\n<meta property=\"og:image\" content=\"https:\/\/bodaq.vn\/wp-content\/uploads\/2021\/05\/NS708.jpg.jpg\" \/>\n\t<meta property=\"og:image:width\" content=\"1024\" \/>\n\t<meta property=\"og:image:height\" content=\"1448\" \/>\n\t<meta property=\"og:image:type\" content=\"image\/jpeg\" \/>\n<meta name=\"twitter:card\" content=\"summary_large_image\" \/>\n<meta name=\"twitter:label1\" content=\"\uc608\uc0c1 \ub418\ub294 \ud310\ub3c5 \uc2dc\uac04\" \/>\n\t<meta name=\"twitter:data1\" content=\"1\ubd84\" \/>\n<script type=\"application\/ld+json\" class=\"yoast-schema-graph\">{\"@context\":\"https:\/\/schema.org\",\"@graph\":[{\"@type\":\"WebPage\",\"@id\":\"https:\/\/bodaq.vn\/ko\/san-pham\/film-dan-thi-cong-noi-that-hyundai-bodaq-gia-van-da-ns708\/\",\"url\":\"https:\/\/bodaq.vn\/ko\/san-pham\/film-dan-thi-cong-noi-that-hyundai-bodaq-gia-van-da-ns708\/\",\"name\":\"NS708 - BODAQ VIETNAM Co.,Ltd\",\"isPartOf\":{\"@id\":\"https:\/\/bodaq.vn\/#website\"},\"primaryImageOfPage\":{\"@id\":\"https:\/\/bodaq.vn\/ko\/san-pham\/film-dan-thi-cong-noi-that-hyundai-bodaq-gia-van-da-ns708\/#primaryimage\"},\"image\":{\"@id\":\"https:\/\/bodaq.vn\/ko\/san-pham\/film-dan-thi-cong-noi-that-hyundai-bodaq-gia-van-da-ns708\/#primaryimage\"},\"thumbnailUrl\":\"https:\/\/bodaq.vn\/wp-content\/uploads\/2021\/05\/NS708.jpg.jpg\",\"datePublished\":\"2022-09-01T06:50:37+00:00\",\"dateModified\":\"2022-11-23T09:06:15+00:00\",\"description\":\"Stone & Marble0.42mm(T) x 1,220mm(W) x 50,000mm(L)1Roll\/BOX (200mm x 200mm x 1,300mm\",\"breadcrumb\":{\"@id\":\"https:\/\/bodaq.vn\/ko\/san-pham\/film-dan-thi-cong-noi-that-hyundai-bodaq-gia-van-da-ns708\/#breadcrumb\"},\"inLanguage\":\"ko-KR\",\"potentialAction\":[{\"@type\":\"ReadAction\",\"target\":[\"https:\/\/bodaq.vn\/ko\/san-pham\/film-dan-thi-cong-noi-that-hyundai-bodaq-gia-van-da-ns708\/\"]}]},{\"@type\":\"ImageObject\",\"inLanguage\":\"ko-KR\",\"@id\":\"https:\/\/bodaq.vn\/ko\/san-pham\/film-dan-thi-cong-noi-that-hyundai-bodaq-gia-van-da-ns708\/#primaryimage\",\"url\":\"https:\/\/bodaq.vn\/wp-content\/uploads\/2021\/05\/NS708.jpg.jpg\",\"contentUrl\":\"https:\/\/bodaq.vn\/wp-content\/uploads\/2021\/05\/NS708.jpg.jpg\",\"width\":1024,\"height\":1448},{\"@type\":\"BreadcrumbList\",\"@id\":\"https:\/\/bodaq.vn\/ko\/san-pham\/film-dan-thi-cong-noi-that-hyundai-bodaq-gia-van-da-ns708\/#breadcrumb\",\"itemListElement\":[{\"@type\":\"ListItem\",\"position\":1,\"name\":\"Home\",\"item\":\"https:\/\/bodaq.vn\/ko\/\"},{\"@type\":\"ListItem\",\"position\":2,\"name\":\"\uc0c1\ud488\",\"item\":\"https:\/\/bodaq.vn\/ko\/%ec%83%9d%ec%84%b1%eb%ac%bc\/\"},{\"@type\":\"ListItem\",\"position\":3,\"name\":\"NS708\"}]},{\"@type\":\"WebSite\",\"@id\":\"https:\/\/bodaq.vn\/#website\",\"url\":\"https:\/\/bodaq.vn\/\",\"name\":\"BODAQ VIETNAM Co.,Ltd\",\"description\":\"BODAQ VIETNAM Co.,Ltd\",\"publisher\":{\"@id\":\"https:\/\/bodaq.vn\/#organization\"},\"potentialAction\":[{\"@type\":\"SearchAction\",\"target\":{\"@type\":\"EntryPoint\",\"urlTemplate\":\"https:\/\/bodaq.vn\/?s={search_term_string}\"},\"query-input\":{\"@type\":\"PropertyValueSpecification\",\"valueRequired\":true,\"valueName\":\"search_term_string\"}}],\"inLanguage\":\"ko-KR\"},{\"@type\":\"Organization\",\"@id\":\"https:\/\/bodaq.vn\/#organization\",\"name\":\"HYUNDAI BODAQ VIETNAM\",\"url\":\"https:\/\/bodaq.vn\/\",\"logo\":{\"@type\":\"ImageObject\",\"inLanguage\":\"ko-KR\",\"@id\":\"https:\/\/bodaq.vn\/#\/schema\/logo\/image\/\",\"url\":\"https:\/\/bodaq.vn\/wp-content\/uploads\/2022\/07\/Logo-Den.png\",\"contentUrl\":\"https:\/\/bodaq.vn\/wp-content\/uploads\/2022\/07\/Logo-Den.png\",\"width\":3214,\"height\":1436,\"caption\":\"HYUNDAI BODAQ VIETNAM\"},\"image\":{\"@id\":\"https:\/\/bodaq.vn\/#\/schema\/logo\/image\/\"}}]}<\/script>\n<!-- \/ Yoast SEO plugin. -->","yoast_head_json":{"title":"NS708 - BODAQ VIETNAM Co.,Ltd","description":"Stone & Marble0.42mm(T) x 1,220mm(W) x 50,000mm(L)1Roll\/BOX (200mm x 200mm x 1,300mm","robots":{"index":"index","follow":"follow","max-snippet":"max-snippet:-1","max-image-preview":"max-image-preview:large","max-video-preview":"max-video-preview:-1"},"canonical":"https:\/\/bodaq.vn\/ko\/san-pham\/film-dan-thi-cong-noi-that-hyundai-bodaq-gia-van-da-ns708\/","og_locale":"ko_KR","og_type":"article","og_title":"NS708 - BODAQ VIETNAM Co.,Ltd","og_description":"Stone & Marble0.42mm(T) x 1,220mm(W) x 50,000mm(L)1Roll\/BOX (200mm x 200mm x 1,300mm","og_url":"https:\/\/bodaq.vn\/ko\/san-pham\/film-dan-thi-cong-noi-that-hyundai-bodaq-gia-van-da-ns708\/","og_site_name":"BODAQ VIETNAM Co.,Ltd","article_modified_time":"2022-11-23T09:06:15+00:00","og_image":[{"width":1024,"height":1448,"url":"https:\/\/bodaq.vn\/wp-content\/uploads\/2021\/05\/NS708.jpg.jpg","type":"image\/jpeg"}],"twitter_card":"summary_large_image","twitter_misc":{"\uc608\uc0c1 \ub418\ub294 \ud310\ub3c5 \uc2dc\uac04":"1\ubd84"},"schema":{"@context":"https:\/\/schema.org","@graph":[{"@type":"WebPage","@id":"https:\/\/bodaq.vn\/ko\/san-pham\/film-dan-thi-cong-noi-that-hyundai-bodaq-gia-van-da-ns708\/","url":"https:\/\/bodaq.vn\/ko\/san-pham\/film-dan-thi-cong-noi-that-hyundai-bodaq-gia-van-da-ns708\/","name":"NS708 - BODAQ VIETNAM Co.,Ltd","isPartOf":{"@id":"https:\/\/bodaq.vn\/#website"},"primaryImageOfPage":{"@id":"https:\/\/bodaq.vn\/ko\/san-pham\/film-dan-thi-cong-noi-that-hyundai-bodaq-gia-van-da-ns708\/#primaryimage"},"image":{"@id":"https:\/\/bodaq.vn\/ko\/san-pham\/film-dan-thi-cong-noi-that-hyundai-bodaq-gia-van-da-ns708\/#primaryimage"},"thumbnailUrl":"https:\/\/bodaq.vn\/wp-content\/uploads\/2021\/05\/NS708.jpg.jpg","datePublished":"2022-09-01T06:50:37+00:00","dateModified":"2022-11-23T09:06:15+00:00","description":"Stone & Marble0.42mm(T) x 1,220mm(W) x 50,000mm(L)1Roll\/BOX (200mm x 200mm x 1,300mm","breadcrumb":{"@id":"https:\/\/bodaq.vn\/ko\/san-pham\/film-dan-thi-cong-noi-that-hyundai-bodaq-gia-van-da-ns708\/#breadcrumb"},"inLanguage":"ko-KR","potentialAction":[{"@type":"ReadAction","target":["https:\/\/bodaq.vn\/ko\/san-pham\/film-dan-thi-cong-noi-that-hyundai-bodaq-gia-van-da-ns708\/"]}]},{"@type":"ImageObject","inLanguage":"ko-KR","@id":"https:\/\/bodaq.vn\/ko\/san-pham\/film-dan-thi-cong-noi-that-hyundai-bodaq-gia-van-da-ns708\/#primaryimage","url":"https:\/\/bodaq.vn\/wp-content\/uploads\/2021\/05\/NS708.jpg.jpg","contentUrl":"https:\/\/bodaq.vn\/wp-content\/uploads\/2021\/05\/NS708.jpg.jpg","width":1024,"height":1448},{"@type":"BreadcrumbList","@id":"https:\/\/bodaq.vn\/ko\/san-pham\/film-dan-thi-cong-noi-that-hyundai-bodaq-gia-van-da-ns708\/#breadcrumb","itemListElement":[{"@type":"ListItem","position":1,"name":"Home","item":"https:\/\/bodaq.vn\/ko\/"},{"@type":"ListItem","position":2,"name":"\uc0c1\ud488","item":"https:\/\/bodaq.vn\/ko\/%ec%83%9d%ec%84%b1%eb%ac%bc\/"},{"@type":"ListItem","position":3,"name":"NS708"}]},{"@type":"WebSite","@id":"https:\/\/bodaq.vn\/#website","url":"https:\/\/bodaq.vn\/","name":"BODAQ VIETNAM Co.,Ltd","description":"BODAQ VIETNAM Co.,Ltd","publisher":{"@id":"https:\/\/bodaq.vn\/#organization"},"potentialAction":[{"@type":"SearchAction","target":{"@type":"EntryPoint","urlTemplate":"https:\/\/bodaq.vn\/?s={search_term_string}"},"query-input":{"@type":"PropertyValueSpecification","valueRequired":true,"valueName":"search_term_string"}}],"inLanguage":"ko-KR"},{"@type":"Organization","@id":"https:\/\/bodaq.vn\/#organization","name":"HYUNDAI BODAQ VIETNAM","url":"https:\/\/bodaq.vn\/","logo":{"@type":"ImageObject","inLanguage":"ko-KR","@id":"https:\/\/bodaq.vn\/#\/schema\/logo\/image\/","url":"https:\/\/bodaq.vn\/wp-content\/uploads\/2022\/07\/Logo-Den.png","contentUrl":"https:\/\/bodaq.vn\/wp-content\/uploads\/2022\/07\/Logo-Den.png","width":3214,"height":1436,"caption":"HYUNDAI BODAQ VIETNAM"},"image":{"@id":"https:\/\/bodaq.vn\/#\/schema\/logo\/image\/"}}]}},"_links":{"self":[{"href":"https:\/\/bodaq.vn\/ko\/wp-json\/wp\/v2\/product\/2619","targetHints":{"allow":["GET"]}}],"collection":[{"href":"https:\/\/bodaq.vn\/ko\/wp-json\/wp\/v2\/product"}],"about":[{"href":"https:\/\/bodaq.vn\/ko\/wp-json\/wp\/v2\/types\/product"}],"replies":[{"embeddable":true,"href":"https:\/\/bodaq.vn\/ko\/wp-json\/wp\/v2\/comments?post=2619"}],"wp:featuredmedia":[{"embeddable":true,"href":"https:\/\/bodaq.vn\/ko\/wp-json\/wp\/v2\/media\/2618"}],"wp:attachment":[{"href":"https:\/\/bodaq.vn\/ko\/wp-json\/wp\/v2\/media?parent=2619"}],"wp:term":[{"taxonomy":"product_brand","embeddable":true,"href":"https:\/\/bodaq.vn\/ko\/wp-json\/wp\/v2\/product_brand?post=2619"},{"taxonomy":"product_cat","embeddable":true,"href":"https:\/\/bodaq.vn\/ko\/wp-json\/wp\/v2\/product_cat?post=2619"},{"taxonomy":"product_tag","embeddable":true,"href":"https:\/\/bodaq.vn\/ko\/wp-json\/wp\/v2\/product_tag?post=2619"}],"curies":[{"name":"wp","href":"https:\/\/api.w.org\/{rel}","templated":true}]}}